{"id":188,"date":"2022-03-21T14:46:53","date_gmt":"2022-03-21T13:46:53","guid":{"rendered":"https:\/\/ellington-photo.com\/ErosWalker\/?page_id=188"},"modified":"2022-03-21T14:46:54","modified_gmt":"2022-03-21T13:46:54","slug":"etonnant-voyage","status":"publish","type":"page","link":"https:\/\/ellington-photo.com\/ErosWalker\/etonnant-voyage\/","title":{"rendered":"Etonnant voyage"},"content":{"rendered":"\n<p>Je voyage beaucoup pour des raisons professionnelles et je suis un habitu\u00e9 des trains d\u2019affaires. Je les fr\u00e9quente g\u00e9n\u00e9ralement t\u00f4t le matin, ou bien le soir, mais cette fois c\u2019\u00e9tait en milieu de journ\u00e9e et je me souviendrai longtemps de ce moment.<\/p>\n\n\n\n<p>La plupart du temps, les voyageurs sont seuls et ils sortent tr\u00e8s vite leur ordinateur pour travailler ou pour d\u2019autres activit\u00e9s moins nobles, ou bien encore ils sont avec des coll\u00e8gues et commentent les affaires en cours. Je m\u2019amuse souvent \u00e0 imaginer d\u2019o\u00f9 ils viennent, qui ils rencontrent. Mais ce jour l\u00e0, le train \u00e9tait presque vide. J\u2019\u00e9tais le seul occupant d\u2019un espace pour quatre. Quelques minutes avant le d\u00e9part, une femme \u00e9l\u00e9gante cherchant visiblement sa place vint s\u2019installer \u00e0 l\u2019une des trois places libres, en diagonale. Elle n\u2019avait aucun bagage, pas de porte-document ni d\u2019autre article caract\u00e9risant la \u00ab business woman \u00bb, juste un tr\u00e8s petit sac, une simple pochette plus adapt\u00e9e \u00e0 une sortie mondaine qu\u2019\u00e0 un voyage en train. Elle devait avoir \u00e0 peu pr\u00e8s quarante ans, mais elle n\u2019en \u00e9tait pas moins extr\u00eamement s\u00e9duisante, portant avec classe un tailleur provenant sans doute d\u2019une grande maison, mais je ne suis pas tr\u00e8s connaisseur de ces choses. En dessous, un chemisier \u00e0 l\u2019encolure tr\u00e8s \u00e9chancr\u00e9e laissait plus que deviner une poitrine g\u00e9n\u00e9reuse, soutenue par un soutien-gorge de fine dentelle.<\/p>\n\n\n\n<p>Dans cette voiture o\u00f9 presque toutes les places \u00e9taient libres, le hasard avait voulu qu\u2019elle prenne place en face de moi. Nous n\u2019avions pas \u00e9chang\u00e9 plus qu\u2019un rapide bonjour de courtoisie, mais je me r\u00e9jouissais d\u00e9j\u00e0 de ma bonne fortune, quand un troisi\u00e8me voyageur vint \u00e0 son tour se pr\u00e9senter dans notre carr\u00e9. L\u2019individu ne manquait pas d\u2019audace puisqu\u2019il me demanda si la place voisine de la mienne \u00e9tait libre, ce que je ne pouvais nier. Il s\u2019y installa sans autre formalit\u00e9, ruinant ainsi mes fantasmatiques projets.<\/p>\n\n\n\n<p>Il ne me restait donc plus qu\u2019\u00e0 reprendre mes habitudes, allumer mon portable et consulter les derniers messages re\u00e7us.<\/p>\n\n\n\n<p>Peu de temps apr\u00e8s le d\u00e9part, rompant en cela avec l\u2019\u00e9tiquette du lieu, mes deux voisins se retrouvaient engag\u00e9s dans une conversation anodine. Tout \u00e0 mes propres activit\u00e9s, je ne leur avais plus pr\u00eat\u00e9 attention mais au bout de quelques minutes, je saisis quelques propos qui me firent tendre l\u2019oreille. Le sujet n\u2019\u00e9tait plus banal mais avait d\u00e9riv\u00e9 vers la description d\u2019\u00e9tablissements dont je n\u2019avais qu\u2019une vague connaissance, o\u00f9 hommes et femmes se rencontrent pour des aventures sans lendemain.<\/p>\n\n\n\n<p>De toute \u00e9vidence, notre \u00e9l\u00e9gante voisine connaissait bien ces lieux et commentait avec assurance les m\u00e9rites de tel ou tel autre club.<\/p>\n\n\n\n<p>Je ne m\u00ealai pas \u00e0 la conversion mais mon attention fut soudain captiv\u00e9e.<\/p>\n\n\n\n<p>Les choses auraient sans doute du rester \u00e0 ce niveau mais il \u00e9tait dit que ce jour n\u2019\u00e9tait pas comme les autres.<\/p>\n\n\n\n<p>Notre libertine co-voyageuse, car c\u2019est ainsi qu\u2019elle se qualifia elle-m\u00eame, au pr\u00e9texte de la chaleur, entreprit de se d\u00e9faire de la veste de son tailleur, et devan\u00e7ant notre politesse, la pla\u00e7a elle-m\u00eame au dessus de son si\u00e8ge. Pour ce faire, elle d\u00fbt monter sur l\u2019assise ce qui nous permit de constater que sous sa jupe finalement tr\u00e8s courte, \u00e0 moins qu\u2019elle ne f\u00fbt remont\u00e9e, elle portait des bas classiques tenus par un v\u00e9ritable porte-jarretelles et non un moderne collant. Lorsqu\u2019elle reprit sa place, je constatais que son corsage \u00e9tait plus largement ouvert, d\u00e9voilant sans pudeur les rondeurs d\u2019une paire de seins de la meilleure allure.<\/p>\n\n\n\n<p>Quelque peu intimid\u00e9 par cette attitude d\u00e9lib\u00e9r\u00e9ment provocante, je m\u2019effor\u00e7ais de retourner \u00e0 mes affaires, l\u2019esprit ailleurs. Je ne remarquais donc pas ce qui se passa ensuite.<\/p>\n\n\n\n<p>Notre voisine se leva bient\u00f4t, pour se rendre aux toilettes me dis-je, mais tr\u00e8s vite, mon voisin s\u2019excusa \u00e0 son tour et je lui laissai le passage pour lui permettre de prendre la m\u00eame direction.<\/p>\n\n\n\n<p>Leur absence commune dura un bon moment, et je pense qu\u2019il s\u2019\u00e9tait \u00e9coul\u00e9 une bonne vingtaine de minutes lorsque je le vis revenir, le souffle un peu court et l\u2019air satisfait. Il ne reprit pas sa place, au contraire, il rangea ses affaires quand le contr\u00f4leur annon\u00e7ait le premier arr\u00eat du train. J\u2019en profitai pour prendre son si\u00e8ge, pr\u00e8s de la fen\u00eatre.<\/p>\n\n\n\n<p>\u00c0 ce moment, la belle dame arriva \u00e0 son tour, tout juste un peu d\u00e9coiff\u00e9e, un peu de rose aux joues malgr\u00e9 son maquillage. Elle ne dit rien et reprit sa place, cette fois juste en face de moi.<\/p>\n\n\n\n<p>Par chance, personne ne monta \u00e0 cette gare et le train repartit vers notre destination finale. Il nous restait encore une petite heure de voyage.<\/p>\n\n\n\n<p>Tr\u00e8s vite, ma compagne engagea la conversation. Sans pr\u00e9liminaires elle me dit : \u00ab C\u2019est un beau parleur, mais il n\u2019assure pas \u00bb. Puis, sans me laisser le temps de r\u00e9pondre, elle ajouta : \u00ab J\u2019esp\u00e8re qu\u2019avec vous ce sera diff\u00e9rent \u00bb.<\/p>\n\n\n\n<p>Je ne savais que dire ni que faire mais je sentis aussit\u00f4t son pied nu sous la tablette remonter le long de ma jambe et se poser sur la bosse qui venait de se former soudain dans mon pantalon.<\/p>\n\n\n\n<p>Qu\u2019auriez-vous fait \u00e0 ma place ? Je n\u2019h\u00e9sitai pas et profitai de cette chance inou\u00efe, une merveilleuse inconnue, incroyablement sexy qui vous engage dans une relation on ne peut plus explicite. Je d\u00e9cidai donc de jouer le jeu et de lui laisser l\u2019initiative.<\/p>\n\n\n\n<p>Elle entreprit de son pied expert un massage appuy\u00e9 de mon sexe tendu. La surprise de la situation accentuait le plaisir instinctif que me procurait cette caresse affirm\u00e9e.<\/p>\n\n\n\n<p>Tr\u00e8s vite, elle se leva \u00e0 nouveau et s\u2019emparant de ma cravate, me for\u00e7a \u00e0 la suivre. Les rares occupants du wagon firent semblant de ne rien remarquer et nous nous retrouv\u00e2mes bien vite dans les toilettes du train.<\/p>\n\n\n\n<p>Ma partenaire se calant sur l\u2019\u00e9troit lavabo m\u2019attira contre elle et desserra ma cravate, d\u00e9boutonna ma chemise, une main caressant mon torse, l\u2019autre empoignant mon sexe \u00e0 travers le pantalon. Je ne resterai pas inactif et d\u00e9boutonnai son corsage, d\u00e9gageant ses seins de leur cage de dentelle. Elle les avait fermes et ronds, ne devant rien \u00e0 la chirurgie. Je les pris \u00e0 pleines mains. Nous n\u2019\u00e9changions pas une parole, elle avait des gestes pr\u00e9cis, s\u00fbre de leur effet. Elle e\u00fbt vite fait de lib\u00e9rer ma verge impatiente et la prit entre ses l\u00e8vres rouges. Je ne pouvais plus que jouer avec son abondante chevelure, sans soucis des cons\u00e9quences sur son apparence \u00e0 l\u2019arriv\u00e9e.<\/p>\n\n\n\n<p>Mais le temps nous \u00e9tait compt\u00e9, et elle en avait visiblement conscience. Elle se retourna pour me pr\u00e9senter ses fesses tendues, relevant sa jupe sous laquelle elle ne portait pas de culotte. En avait-elle eu une plus t\u00f4t ? De son r\u00e9ticule, elle sortit un pr\u00e9servatif qu\u2019elle me tendit. De mes doigts je caressais son sexe encore excit\u00e9 de son aventure pr\u00e9c\u00e9dente. Je pus \u00e9galement me rendre ainsi compte qu\u2019elle n\u2019avait pas sacrifi\u00e9 sa toison \u00e0 la mode, du moins pas totalement. Ses l\u00e8vres \u00e9taient lisses, mais au-del\u00e0 de son clitoris des boucles fris\u00e9es \u00e9taient bien pr\u00e9sentes. Je pr\u00e9sentai mon sexe tendu \u00e0 l\u2019entr\u00e9e de sa chatte mais elle le prit dans sa main et le dirigea un peu plus haut.<\/p>\n\n\n\n<p>\u00ab J\u2019ai d\u00e9j\u00e0 joui par l\u00e0, me dit\u2013elle, prends-moi le cul \u00bb.<\/p>\n\n\n\n<p>Disant cela, elle commen\u00e7a \u00e0 s\u2019empaler d\u2019elle-m\u00eame. Je ne lui fis pas r\u00e9p\u00e9ter et l\u2019accompagnai dans la man\u0153uvre. La belle n\u2019en \u00e9tait pas \u00e0 sa premi\u00e8re car les d\u00e9fenses \u00e9taient faibles et je me retrouvai bien vite cal\u00e9 entre ses fesses.<\/p>\n\n\n\n<p>Les mains sur ses hanches, j\u2019entamai des va-et-vient en pensant \u00e0 Birkin et Gainsbourg. Je t\u2019aime, moi non plus. Je vais et je viens, entre tes reins, mais je ne pus me retenir bien longtemps. Elle non plus heureusement. Je voyais son visage dans la glace et lorsque j\u2019\u00e9clatai en elle, je vis son sourire s\u2019\u00e9largir et ses yeux briller d\u2019un nouvel \u00e9clat.<\/p>\n\n\n\n<p>Il ne lui fallut qu\u2019un instant pour se d\u00e9gager, \u00f4ter la capote et entreprendre de me nettoyer la verge de sa langue et de ses l\u00e8vres.<\/p>\n\n\n\n<p>Ceci fait, elle m\u2019oublia, me laissant me rajuster pendant qu\u2019elle sortait de son sac un minuscule string noir, puis un tube de rouge \u00e0 l\u00e8vres pour r\u00e9parer les d\u00e9g\u00e2ts de la fellation. Passant les doigts dans ses cheveux, elle y remit un peu d\u2019ordre puis me poussa dehors.<\/p>\n\n\n\n<p>La porte n\u2019\u00e9tait m\u00eame pas verrouill\u00e9e.<\/p>\n\n\n\n<p>\u00ab Tu n\u2019es pas le coup du si\u00e8cle, mais je te donnerai quand m\u00eame une mention passable \u00bb.<\/p>\n\n\n\n<p>Abasourdi, je la laissai passer devant moi. Elle attrapa, sans effort cette fois, sa veste au dessus de sa place et sans s\u2019arr\u00eater, me lan\u00e7a un \u00ab Salut \u00bb en se dirigeant vers l\u2019arri\u00e8re du train.<\/p>\n\n\n\n<p>Cette fois, les trois ou quatre personnes pr\u00e9sentes lev\u00e8rent les yeux vers moi et je ne pus r\u00e9primer un fard violent. Sans un mot, je repris ma place. Un \u00e9tui de pr\u00e9servatif vide \u00e9tait pos\u00e9 sur le si\u00e8ge. Je n\u2019avais donc pas r\u00eav\u00e9.<\/p>\n\n\n\n<p>\u00a9Eros Walker 2005<\/p>\n","protected":false},"excerpt":{"rendered":"<p>Je voyage beaucoup pour des raisons professionnelles et je suis un habitu\u00e9 des trains d\u2019affaires. Je les fr\u00e9quente g\u00e9n\u00e9ralement t\u00f4t le matin, ou bien le soir, mais cette fois c\u2019\u00e9tait en milieu de journ\u00e9e et je me souviendrai longtemps de ce moment. La plupart du &hellip; <\/p>\n","protected":false},"author":1,"featured_media":0,"parent":0,"menu_order":0,"comment_status":"closed","ping_status":"closed","template":"","meta":{"footnotes":""},"class_list":["post-188","page","type-page","status-publish","hentry"],"yoast_head":"<!-- This site is optimized with the Yoast SEO plugin v27.4 - https:\/\/yoast.com\/product\/yoast-seo-wordpress\/ -->\n<title>Etonnant voyage - Eros Walker Stories<\/title>\n<meta name=\"description\" content=\"Je voyage beaucoup pour des raisons professionnelles et je suis un habitu\u00e9 des trains d\u2019affaires. Je les fr\u00e9quente g\u00e9n\u00e9ralement t\u00f4t le matin, ou bien le soir, mais cette fois c\u2019\u00e9tait en milieu de journ\u00e9e et je me souviendrai longtemps de ce moment.\" \/>\n<meta name=\"robots\" content=\"index, follow, max-snippet:-1, max-image-preview:large, max-video-preview:-1\" \/>\n<link rel=\"canonical\" href=\"https:\/\/ellington-photo.com\/ErosWalker\/etonnant-voyage\/\" \/>\n<meta property=\"og:locale\" content=\"fr_FR\" \/>\n<meta property=\"og:type\" content=\"article\" \/>\n<meta property=\"og:title\" content=\"Etonnant voyage - Eros Walker Stories\" \/>\n<meta property=\"og:description\" content=\"Je voyage beaucoup pour des raisons professionnelles et je suis un habitu\u00e9 des trains d\u2019affaires. Je les fr\u00e9quente g\u00e9n\u00e9ralement t\u00f4t le matin, ou bien le soir, mais cette fois c\u2019\u00e9tait en milieu de journ\u00e9e et je me souviendrai longtemps de ce moment.\" \/>\n<meta property=\"og:url\" content=\"https:\/\/ellington-photo.com\/ErosWalker\/etonnant-voyage\/\" \/>\n<meta property=\"og:site_name\" content=\"Eros Walker Stories\" \/>\n<meta property=\"article:modified_time\" content=\"2022-03-21T13:46:54+00:00\" \/>\n<meta name=\"twitter:card\" content=\"summary_large_image\" \/>\n<meta name=\"twitter:label1\" content=\"Dur\u00e9e de lecture estim\u00e9e\" \/>\n\t<meta name=\"twitter:data1\" content=\"8 minutes\" \/>\n<script type=\"application\/ld+json\" class=\"yoast-schema-graph\">{\"@context\":\"https:\\\/\\\/schema.org\",\"@graph\":[{\"@type\":\"WebPage\",\"@id\":\"https:\\\/\\\/ellington-photo.com\\\/ErosWalker\\\/etonnant-voyage\\\/\",\"url\":\"https:\\\/\\\/ellington-photo.com\\\/ErosWalker\\\/etonnant-voyage\\\/\",\"name\":\"Etonnant voyage - Eros Walker Stories\",\"isPartOf\":{\"@id\":\"https:\\\/\\\/ellington-photo.com\\\/ErosWalker\\\/#website\"},\"datePublished\":\"2022-03-21T13:46:53+00:00\",\"dateModified\":\"2022-03-21T13:46:54+00:00\",\"description\":\"Je voyage beaucoup pour des raisons professionnelles et je suis un habitu\u00e9 des trains d\u2019affaires. Je les fr\u00e9quente g\u00e9n\u00e9ralement t\u00f4t le matin, ou bien le soir, mais cette fois c\u2019\u00e9tait en milieu de journ\u00e9e et je me souviendrai longtemps de ce moment.\",\"breadcrumb\":{\"@id\":\"https:\\\/\\\/ellington-photo.com\\\/ErosWalker\\\/etonnant-voyage\\\/#breadcrumb\"},\"inLanguage\":\"fr-FR\",\"potentialAction\":[{\"@type\":\"ReadAction\",\"target\":[\"https:\\\/\\\/ellington-photo.com\\\/ErosWalker\\\/etonnant-voyage\\\/\"]}]},{\"@type\":\"BreadcrumbList\",\"@id\":\"https:\\\/\\\/ellington-photo.com\\\/ErosWalker\\\/etonnant-voyage\\\/#breadcrumb\",\"itemListElement\":[{\"@type\":\"ListItem\",\"position\":1,\"name\":\"Accueil\",\"item\":\"https:\\\/\\\/ellington-photo.com\\\/ErosWalker\\\/\"},{\"@type\":\"ListItem\",\"position\":2,\"name\":\"Etonnant voyage\"}]},{\"@type\":\"WebSite\",\"@id\":\"https:\\\/\\\/ellington-photo.com\\\/ErosWalker\\\/#website\",\"url\":\"https:\\\/\\\/ellington-photo.com\\\/ErosWalker\\\/\",\"name\":\"Eros Walker Stories\",\"description\":\"Litt\u00e9rature et images\",\"publisher\":{\"@id\":\"https:\\\/\\\/ellington-photo.com\\\/ErosWalker\\\/#organization\"},\"potentialAction\":[{\"@type\":\"SearchAction\",\"target\":{\"@type\":\"EntryPoint\",\"urlTemplate\":\"https:\\\/\\\/ellington-photo.com\\\/ErosWalker\\\/?s={search_term_string}\"},\"query-input\":{\"@type\":\"PropertyValueSpecification\",\"valueRequired\":true,\"valueName\":\"search_term_string\"}}],\"inLanguage\":\"fr-FR\"},{\"@type\":\"Organization\",\"@id\":\"https:\\\/\\\/ellington-photo.com\\\/ErosWalker\\\/#organization\",\"name\":\"Eros Walker Stories\",\"url\":\"https:\\\/\\\/ellington-photo.com\\\/ErosWalker\\\/\",\"logo\":{\"@type\":\"ImageObject\",\"inLanguage\":\"fr-FR\",\"@id\":\"https:\\\/\\\/ellington-photo.com\\\/ErosWalker\\\/#\\\/schema\\\/logo\\\/image\\\/\",\"url\":\"https:\\\/\\\/ellington-photo.com\\\/ErosWalker\\\/wp-content\\\/uploads\\\/2025\\\/05\\\/Chat-Noir.jpg\",\"contentUrl\":\"https:\\\/\\\/ellington-photo.com\\\/ErosWalker\\\/wp-content\\\/uploads\\\/2025\\\/05\\\/Chat-Noir.jpg\",\"width\":400,\"height\":391,\"caption\":\"Eros Walker Stories\"},\"image\":{\"@id\":\"https:\\\/\\\/ellington-photo.com\\\/ErosWalker\\\/#\\\/schema\\\/logo\\\/image\\\/\"},\"sameAs\":[\"https:\\\/\\\/www.linkedin.com\\\/in\\\/eros-walker-ab710a298\\\/\"]}]}<\/script>\n<!-- \/ Yoast SEO plugin. -->","yoast_head_json":{"title":"Etonnant voyage - Eros Walker Stories","description":"Je voyage beaucoup pour des raisons professionnelles et je suis un habitu\u00e9 des trains d\u2019affaires. Je les fr\u00e9quente g\u00e9n\u00e9ralement t\u00f4t le matin, ou bien le soir, mais cette fois c\u2019\u00e9tait en milieu de journ\u00e9e et je me souviendrai longtemps de ce moment.","robots":{"index":"index","follow":"follow","max-snippet":"max-snippet:-1","max-image-preview":"max-image-preview:large","max-video-preview":"max-video-preview:-1"},"canonical":"https:\/\/ellington-photo.com\/ErosWalker\/etonnant-voyage\/","og_locale":"fr_FR","og_type":"article","og_title":"Etonnant voyage - Eros Walker Stories","og_description":"Je voyage beaucoup pour des raisons professionnelles et je suis un habitu\u00e9 des trains d\u2019affaires. Je les fr\u00e9quente g\u00e9n\u00e9ralement t\u00f4t le matin, ou bien le soir, mais cette fois c\u2019\u00e9tait en milieu de journ\u00e9e et je me souviendrai longtemps de ce moment.","og_url":"https:\/\/ellington-photo.com\/ErosWalker\/etonnant-voyage\/","og_site_name":"Eros Walker Stories","article_modified_time":"2022-03-21T13:46:54+00:00","twitter_card":"summary_large_image","twitter_misc":{"Dur\u00e9e de lecture estim\u00e9e":"8 minutes"},"schema":{"@context":"https:\/\/schema.org","@graph":[{"@type":"WebPage","@id":"https:\/\/ellington-photo.com\/ErosWalker\/etonnant-voyage\/","url":"https:\/\/ellington-photo.com\/ErosWalker\/etonnant-voyage\/","name":"Etonnant voyage - Eros Walker Stories","isPartOf":{"@id":"https:\/\/ellington-photo.com\/ErosWalker\/#website"},"datePublished":"2022-03-21T13:46:53+00:00","dateModified":"2022-03-21T13:46:54+00:00","description":"Je voyage beaucoup pour des raisons professionnelles et je suis un habitu\u00e9 des trains d\u2019affaires. Je les fr\u00e9quente g\u00e9n\u00e9ralement t\u00f4t le matin, ou bien le soir, mais cette fois c\u2019\u00e9tait en milieu de journ\u00e9e et je me souviendrai longtemps de ce moment.","breadcrumb":{"@id":"https:\/\/ellington-photo.com\/ErosWalker\/etonnant-voyage\/#breadcrumb"},"inLanguage":"fr-FR","potentialAction":[{"@type":"ReadAction","target":["https:\/\/ellington-photo.com\/ErosWalker\/etonnant-voyage\/"]}]},{"@type":"BreadcrumbList","@id":"https:\/\/ellington-photo.com\/ErosWalker\/etonnant-voyage\/#breadcrumb","itemListElement":[{"@type":"ListItem","position":1,"name":"Accueil","item":"https:\/\/ellington-photo.com\/ErosWalker\/"},{"@type":"ListItem","position":2,"name":"Etonnant voyage"}]},{"@type":"WebSite","@id":"https:\/\/ellington-photo.com\/ErosWalker\/#website","url":"https:\/\/ellington-photo.com\/ErosWalker\/","name":"Eros Walker Stories","description":"Litt\u00e9rature et images","publisher":{"@id":"https:\/\/ellington-photo.com\/ErosWalker\/#organization"},"potentialAction":[{"@type":"SearchAction","target":{"@type":"EntryPoint","urlTemplate":"https:\/\/ellington-photo.com\/ErosWalker\/?s={search_term_string}"},"query-input":{"@type":"PropertyValueSpecification","valueRequired":true,"valueName":"search_term_string"}}],"inLanguage":"fr-FR"},{"@type":"Organization","@id":"https:\/\/ellington-photo.com\/ErosWalker\/#organization","name":"Eros Walker Stories","url":"https:\/\/ellington-photo.com\/ErosWalker\/","logo":{"@type":"ImageObject","inLanguage":"fr-FR","@id":"https:\/\/ellington-photo.com\/ErosWalker\/#\/schema\/logo\/image\/","url":"https:\/\/ellington-photo.com\/ErosWalker\/wp-content\/uploads\/2025\/05\/Chat-Noir.jpg","contentUrl":"https:\/\/ellington-photo.com\/ErosWalker\/wp-content\/uploads\/2025\/05\/Chat-Noir.jpg","width":400,"height":391,"caption":"Eros Walker Stories"},"image":{"@id":"https:\/\/ellington-photo.com\/ErosWalker\/#\/schema\/logo\/image\/"},"sameAs":["https:\/\/www.linkedin.com\/in\/eros-walker-ab710a298\/"]}]}},"_links":{"self":[{"href":"https:\/\/ellington-photo.com\/ErosWalker\/wp-json\/wp\/v2\/pages\/188","targetHints":{"allow":["GET"]}}],"collection":[{"href":"https:\/\/ellington-photo.com\/ErosWalker\/wp-json\/wp\/v2\/pages"}],"about":[{"href":"https:\/\/ellington-photo.com\/ErosWalker\/wp-json\/wp\/v2\/types\/page"}],"author":[{"embeddable":true,"href":"https:\/\/ellington-photo.com\/ErosWalker\/wp-json\/wp\/v2\/users\/1"}],"replies":[{"embeddable":true,"href":"https:\/\/ellington-photo.com\/ErosWalker\/wp-json\/wp\/v2\/comments?post=188"}],"version-history":[{"count":1,"href":"https:\/\/ellington-photo.com\/ErosWalker\/wp-json\/wp\/v2\/pages\/188\/revisions"}],"predecessor-version":[{"id":189,"href":"https:\/\/ellington-photo.com\/ErosWalker\/wp-json\/wp\/v2\/pages\/188\/revisions\/189"}],"wp:attachment":[{"href":"https:\/\/ellington-photo.com\/ErosWalker\/wp-json\/wp\/v2\/media?parent=188"}],"curies":[{"name":"wp","href":"https:\/\/api.w.org\/{rel}","templated":true}]}}