{"id":166,"date":"2022-03-13T17:39:32","date_gmt":"2022-03-13T16:39:32","guid":{"rendered":"https:\/\/ellington-photo.com\/ErosWalker\/?page_id=166"},"modified":"2022-03-28T17:29:33","modified_gmt":"2022-03-28T15:29:33","slug":"ellington-photo","status":"publish","type":"page","link":"https:\/\/ellington-photo.com\/ErosWalker\/ellington-photo\/","title":{"rendered":"Ellington-Photo"},"content":{"rendered":"\n<p>Bienvenue dans la section Photos du site, pr\u00e9sentant les travaux du photographe de charme Ellington. <\/p>\n\n\n\n<p>Attention, ces images peuvent avoir un caract\u00e8re \u00e9rotique \u00e9lev\u00e9 et sont parfois tr\u00e8s explicites. <br><strong>Cette partie n&rsquo;est pas autoris\u00e9e aux mineurs de moins de 18 ans.<\/strong><\/p>\n\n\n\n<p><\/p>\n\n\n\n<ul class=\"wp-block-list\"><li><a href=\"https:\/\/ellington-photo.com\/ErosWalker\/portraits-de-femmes\/\" target=\"_blank\" rel=\"noreferrer noopener\">Portraits de femmes<\/a><\/li><li><a href=\"https:\/\/ellington-photo.com\/ErosWalker\/charme\/\" target=\"_blank\" rel=\"noreferrer noopener\">Charme<\/a><\/li><\/ul>\n\n\n\n<p><\/p>\n","protected":false},"excerpt":{"rendered":"<p>Bienvenue dans la section Photos du site, pr\u00e9sentant les travaux du photographe de charme Ellington. Attention, ces images peuvent avoir un caract\u00e8re \u00e9rotique \u00e9lev\u00e9 et sont parfois tr\u00e8s explicites. Cette partie n&rsquo;est pas autoris\u00e9e aux mineurs de moins de 18 ans. Portraits de femmes Charme<\/p>\n","protected":false},"author":1,"featured_media":0,"parent":0,"menu_order":0,"comment_status":"closed","ping_status":"closed","template":"","meta":{"footnotes":""},"class_list":["post-166","page","type-page","status-publish","hentry"],"yoast_head":"<!-- This site is optimized with the Yoast SEO plugin v27.4 - https:\/\/yoast.com\/product\/yoast-seo-wordpress\/ -->\n<title>Ellington-Photo - Eros Walker Stories<\/title>\n<meta name=\"description\" content=\"Bienvenue dans la section Photos du site, pr\u00e9sentant les travaux du photographe de charme Ellington. Attention, ces images peuvent avoir un caract\u00e8re \u00e9rotique \u00e9lev\u00e9 et sont parfois tr\u00e8s explicites. Cette partie n&#039;est pas autoris\u00e9e aux mineurs de moins de 18 ans.\" \/>\n<meta name=\"robots\" content=\"index, follow, max-snippet:-1, max-image-preview:large, max-video-preview:-1\" \/>\n<link rel=\"canonical\" href=\"https:\/\/ellington-photo.com\/ErosWalker\/ellington-photo\/\" \/>\n<meta property=\"og:locale\" content=\"fr_FR\" \/>\n<meta property=\"og:type\" content=\"article\" \/>\n<meta property=\"og:title\" content=\"Ellington-Photo - Eros Walker Stories\" \/>\n<meta property=\"og:description\" content=\"Bienvenue dans la section Photos du site, pr\u00e9sentant les travaux du photographe de charme Ellington. Attention, ces images peuvent avoir un caract\u00e8re \u00e9rotique \u00e9lev\u00e9 et sont parfois tr\u00e8s explicites. Cette partie n&#039;est pas autoris\u00e9e aux mineurs de moins de 18 ans.\" \/>\n<meta property=\"og:url\" content=\"https:\/\/ellington-photo.com\/ErosWalker\/ellington-photo\/\" \/>\n<meta property=\"og:site_name\" content=\"Eros Walker Stories\" \/>\n<meta property=\"article:modified_time\" content=\"2022-03-28T15:29:33+00:00\" \/>\n<meta name=\"twitter:card\" content=\"summary_large_image\" \/>\n<meta name=\"twitter:label1\" content=\"Dur\u00e9e de lecture estim\u00e9e\" \/>\n\t<meta name=\"twitter:data1\" content=\"1 minute\" \/>\n<script type=\"application\/ld+json\" class=\"yoast-schema-graph\">{\"@context\":\"https:\\\/\\\/schema.org\",\"@graph\":[{\"@type\":\"WebPage\",\"@id\":\"https:\\\/\\\/ellington-photo.com\\\/ErosWalker\\\/ellington-photo\\\/\",\"url\":\"https:\\\/\\\/ellington-photo.com\\\/ErosWalker\\\/ellington-photo\\\/\",\"name\":\"Ellington-Photo - Eros Walker Stories\",\"isPartOf\":{\"@id\":\"https:\\\/\\\/ellington-photo.com\\\/ErosWalker\\\/#website\"},\"datePublished\":\"2022-03-13T16:39:32+00:00\",\"dateModified\":\"2022-03-28T15:29:33+00:00\",\"description\":\"Bienvenue dans la section Photos du site, pr\u00e9sentant les travaux du photographe de charme Ellington. Attention, ces images peuvent avoir un caract\u00e8re \u00e9rotique \u00e9lev\u00e9 et sont parfois tr\u00e8s explicites. Cette partie n'est pas autoris\u00e9e aux mineurs de moins de 18 ans.\",\"breadcrumb\":{\"@id\":\"https:\\\/\\\/ellington-photo.com\\\/ErosWalker\\\/ellington-photo\\\/#breadcrumb\"},\"inLanguage\":\"fr-FR\",\"potentialAction\":[{\"@type\":\"ReadAction\",\"target\":[\"https:\\\/\\\/ellington-photo.com\\\/ErosWalker\\\/ellington-photo\\\/\"]}]},{\"@type\":\"BreadcrumbList\",\"@id\":\"https:\\\/\\\/ellington-photo.com\\\/ErosWalker\\\/ellington-photo\\\/#breadcrumb\",\"itemListElement\":[{\"@type\":\"ListItem\",\"position\":1,\"name\":\"Accueil\",\"item\":\"https:\\\/\\\/ellington-photo.com\\\/ErosWalker\\\/\"},{\"@type\":\"ListItem\",\"position\":2,\"name\":\"Ellington-Photo\"}]},{\"@type\":\"WebSite\",\"@id\":\"https:\\\/\\\/ellington-photo.com\\\/ErosWalker\\\/#website\",\"url\":\"https:\\\/\\\/ellington-photo.com\\\/ErosWalker\\\/\",\"name\":\"Eros Walker Stories\",\"description\":\"Litt\u00e9rature et images\",\"publisher\":{\"@id\":\"https:\\\/\\\/ellington-photo.com\\\/ErosWalker\\\/#organization\"},\"potentialAction\":[{\"@type\":\"SearchAction\",\"target\":{\"@type\":\"EntryPoint\",\"urlTemplate\":\"https:\\\/\\\/ellington-photo.com\\\/ErosWalker\\\/?s={search_term_string}\"},\"query-input\":{\"@type\":\"PropertyValueSpecification\",\"valueRequired\":true,\"valueName\":\"search_term_string\"}}],\"inLanguage\":\"fr-FR\"},{\"@type\":\"Organization\",\"@id\":\"https:\\\/\\\/ellington-photo.com\\\/ErosWalker\\\/#organization\",\"name\":\"Eros Walker Stories\",\"url\":\"https:\\\/\\\/ellington-photo.com\\\/ErosWalker\\\/\",\"logo\":{\"@type\":\"ImageObject\",\"inLanguage\":\"fr-FR\",\"@id\":\"https:\\\/\\\/ellington-photo.com\\\/ErosWalker\\\/#\\\/schema\\\/logo\\\/image\\\/\",\"url\":\"https:\\\/\\\/ellington-photo.com\\\/ErosWalker\\\/wp-content\\\/uploads\\\/2025\\\/05\\\/Chat-Noir.jpg\",\"contentUrl\":\"https:\\\/\\\/ellington-photo.com\\\/ErosWalker\\\/wp-content\\\/uploads\\\/2025\\\/05\\\/Chat-Noir.jpg\",\"width\":400,\"height\":391,\"caption\":\"Eros Walker Stories\"},\"image\":{\"@id\":\"https:\\\/\\\/ellington-photo.com\\\/ErosWalker\\\/#\\\/schema\\\/logo\\\/image\\\/\"},\"sameAs\":[\"https:\\\/\\\/www.linkedin.com\\\/in\\\/eros-walker-ab710a298\\\/\"]}]}<\/script>\n<!-- \/ Yoast SEO plugin. -->","yoast_head_json":{"title":"Ellington-Photo - Eros Walker Stories","description":"Bienvenue dans la section Photos du site, pr\u00e9sentant les travaux du photographe de charme Ellington. Attention, ces images peuvent avoir un caract\u00e8re \u00e9rotique \u00e9lev\u00e9 et sont parfois tr\u00e8s explicites. Cette partie n'est pas autoris\u00e9e aux mineurs de moins de 18 ans.","robots":{"index":"index","follow":"follow","max-snippet":"max-snippet:-1","max-image-preview":"max-image-preview:large","max-video-preview":"max-video-preview:-1"},"canonical":"https:\/\/ellington-photo.com\/ErosWalker\/ellington-photo\/","og_locale":"fr_FR","og_type":"article","og_title":"Ellington-Photo - Eros Walker Stories","og_description":"Bienvenue dans la section Photos du site, pr\u00e9sentant les travaux du photographe de charme Ellington. Attention, ces images peuvent avoir un caract\u00e8re \u00e9rotique \u00e9lev\u00e9 et sont parfois tr\u00e8s explicites. Cette partie n'est pas autoris\u00e9e aux mineurs de moins de 18 ans.","og_url":"https:\/\/ellington-photo.com\/ErosWalker\/ellington-photo\/","og_site_name":"Eros Walker Stories","article_modified_time":"2022-03-28T15:29:33+00:00","twitter_card":"summary_large_image","twitter_misc":{"Dur\u00e9e de lecture estim\u00e9e":"1 minute"},"schema":{"@context":"https:\/\/schema.org","@graph":[{"@type":"WebPage","@id":"https:\/\/ellington-photo.com\/ErosWalker\/ellington-photo\/","url":"https:\/\/ellington-photo.com\/ErosWalker\/ellington-photo\/","name":"Ellington-Photo - Eros Walker Stories","isPartOf":{"@id":"https:\/\/ellington-photo.com\/ErosWalker\/#website"},"datePublished":"2022-03-13T16:39:32+00:00","dateModified":"2022-03-28T15:29:33+00:00","description":"Bienvenue dans la section Photos du site, pr\u00e9sentant les travaux du photographe de charme Ellington. Attention, ces images peuvent avoir un caract\u00e8re \u00e9rotique \u00e9lev\u00e9 et sont parfois tr\u00e8s explicites. Cette partie n'est pas autoris\u00e9e aux mineurs de moins de 18 ans.","breadcrumb":{"@id":"https:\/\/ellington-photo.com\/ErosWalker\/ellington-photo\/#breadcrumb"},"inLanguage":"fr-FR","potentialAction":[{"@type":"ReadAction","target":["https:\/\/ellington-photo.com\/ErosWalker\/ellington-photo\/"]}]},{"@type":"BreadcrumbList","@id":"https:\/\/ellington-photo.com\/ErosWalker\/ellington-photo\/#breadcrumb","itemListElement":[{"@type":"ListItem","position":1,"name":"Accueil","item":"https:\/\/ellington-photo.com\/ErosWalker\/"},{"@type":"ListItem","position":2,"name":"Ellington-Photo"}]},{"@type":"WebSite","@id":"https:\/\/ellington-photo.com\/ErosWalker\/#website","url":"https:\/\/ellington-photo.com\/ErosWalker\/","name":"Eros Walker Stories","description":"Litt\u00e9rature et images","publisher":{"@id":"https:\/\/ellington-photo.com\/ErosWalker\/#organization"},"potentialAction":[{"@type":"SearchAction","target":{"@type":"EntryPoint","urlTemplate":"https:\/\/ellington-photo.com\/ErosWalker\/?s={search_term_string}"},"query-input":{"@type":"PropertyValueSpecification","valueRequired":true,"valueName":"search_term_string"}}],"inLanguage":"fr-FR"},{"@type":"Organization","@id":"https:\/\/ellington-photo.com\/ErosWalker\/#organization","name":"Eros Walker Stories","url":"https:\/\/ellington-photo.com\/ErosWalker\/","logo":{"@type":"ImageObject","inLanguage":"fr-FR","@id":"https:\/\/ellington-photo.com\/ErosWalker\/#\/schema\/logo\/image\/","url":"https:\/\/ellington-photo.com\/ErosWalker\/wp-content\/uploads\/2025\/05\/Chat-Noir.jpg","contentUrl":"https:\/\/ellington-photo.com\/ErosWalker\/wp-content\/uploads\/2025\/05\/Chat-Noir.jpg","width":400,"height":391,"caption":"Eros Walker Stories"},"image":{"@id":"https:\/\/ellington-photo.com\/ErosWalker\/#\/schema\/logo\/image\/"},"sameAs":["https:\/\/www.linkedin.com\/in\/eros-walker-ab710a298\/"]}]}},"_links":{"self":[{"href":"https:\/\/ellington-photo.com\/ErosWalker\/wp-json\/wp\/v2\/pages\/166","targetHints":{"allow":["GET"]}}],"collection":[{"href":"https:\/\/ellington-photo.com\/ErosWalker\/wp-json\/wp\/v2\/pages"}],"about":[{"href":"https:\/\/ellington-photo.com\/ErosWalker\/wp-json\/wp\/v2\/types\/page"}],"author":[{"embeddable":true,"href":"https:\/\/ellington-photo.com\/ErosWalker\/wp-json\/wp\/v2\/users\/1"}],"replies":[{"embeddable":true,"href":"https:\/\/ellington-photo.com\/ErosWalker\/wp-json\/wp\/v2\/comments?post=166"}],"version-history":[{"count":2,"href":"https:\/\/ellington-photo.com\/ErosWalker\/wp-json\/wp\/v2\/pages\/166\/revisions"}],"predecessor-version":[{"id":208,"href":"https:\/\/ellington-photo.com\/ErosWalker\/wp-json\/wp\/v2\/pages\/166\/revisions\/208"}],"wp:attachment":[{"href":"https:\/\/ellington-photo.com\/ErosWalker\/wp-json\/wp\/v2\/media?parent=166"}],"curies":[{"name":"wp","href":"https:\/\/api.w.org\/{rel}","templated":true}]}}