{"id":132,"date":"2022-03-12T17:29:11","date_gmt":"2022-03-12T16:29:11","guid":{"rendered":"https:\/\/ellington-photo.com\/ErosWalker\/?page_id=132"},"modified":"2022-03-24T17:58:50","modified_gmt":"2022-03-24T16:58:50","slug":"route-66-moto-erotique","status":"publish","type":"page","link":"https:\/\/ellington-photo.com\/ErosWalker\/route-66-moto-erotique\/","title":{"rendered":"Route 66"},"content":{"rendered":"\n<div class=\"wp-block-image\"><figure class=\"aligncenter size-full is-resized\"><img loading=\"lazy\" decoding=\"async\" src=\"https:\/\/ellington-photo.com\/ErosWalker\/wp-content\/uploads\/2022\/03\/Route-66-cover.jpg\" alt=\"\" class=\"wp-image-128\" width=\"193\" height=\"310\" srcset=\"https:\/\/ellington-photo.com\/ErosWalker\/wp-content\/uploads\/2022\/03\/Route-66-cover.jpg 284w, https:\/\/ellington-photo.com\/ErosWalker\/wp-content\/uploads\/2022\/03\/Route-66-cover-187x300.jpg 187w\" sizes=\"auto, (max-width: 193px) 100vw, 193px\" \/><\/figure><\/div>\n\n\n\n<p class=\"has-medium-font-size\"><strong>Face au Pacifique<\/strong><\/p>\n\n\n\n<p>Assis sur un banc dans la zone de promenade entre Ocean Avenue et le haut de la falaise, les deux hommes contemplaient la jet\u00e9e qui s&rsquo;allongeait dans le Pacifique. Derri\u00e8re eux, gar\u00e9es en \u00e9pi, les deux motos brillaient sous les derniers rayons du soleil printanier. On \u00e9tait en avril, mais il faisait encore chaud pour une fin de journ\u00e9e. Il avait fait pr\u00e8s de trente degr\u00e9s un peu plus t\u00f4t et maintenant, alors que le soleil allait se coucher au-del\u00e0 des vagues, la fra\u00eecheur tardait \u00e0 arriver malgr\u00e9 une l\u00e9g\u00e8re brise venant de la mer.<\/p>\n\n\n\n<p>Au sud, Catalina se d\u00e9coupait encore alors qu\u2019\u00e0 l\u2019ouest, les Channel Islands disparaissaient dans le halo de l&rsquo;astre plongeant vers l\u2019oc\u00e9an.<\/p>\n\n\n\n<p>\u2014 Tu crois qu\u2019on pourra voir le rayon vert ?<\/p>\n\n\n\n<p>\u2014 Je ne crois pas, la pollution atmosph\u00e9rique est trop importante sur Los Angeles.<\/p>\n\n\n\n<p>\u2014 Dommage ! je n\u2019avais jamais pens\u00e9 voir le Pacifique comme \u00e7a.<\/p>\n\n\n\n<p>\u00c0 leurs pieds, la c\u00f4te s\u2019\u00e9tendait \u00e0 perte de vue. Sur leur gauche, au-del\u00e0 de la jet\u00e9e, les plages de Venice Beach et de Marina Del Rey avant l\u2019a\u00e9roport, puis plus loin El Segundo, jusqu\u2019\u00e0 la pointe de Palos Verde. Sur leur droite, Malibu s\u2019\u00e9tirait au pied des collines, avec ses maisons construites sur la plage et ses propri\u00e9t\u00e9s accroch\u00e9es \u00e0 la pente abrupte.<\/p>\n\n\n\n<p>\u2014 Allez, assez r\u00eavass\u00e9, on ne va pas coucher l\u00e0 !<\/p>\n\n\n\n<p>Les deux hommes se lev\u00e8rent pour retourner vers leurs montures.<\/p>\n\n\n\n<p>Ils \u00e9taient \u00e0 peu pr\u00e8s de la m\u00eame taille et du m\u00eame \u00e2ge mais Ange \u00e9tait aussi brun que Philippe \u00e9tait blond. D\u2019allure sportive, ils avaient bien remarqu\u00e9 les regards int\u00e9ress\u00e9s des jeunes femmes passant en rollers devant eux. Ange n\u2019aurait jamais imagin\u00e9 autant de jolies femmes se d\u00e9pla\u00e7ant v\u00eatues d\u2019un simple short de jean et d\u2019un d\u00e9bardeur fluo, laissant plus que deviner des silhouettes muscl\u00e9es par la pratique r\u00e9p\u00e9t\u00e9e d\u2019exercices physiques en plein air. Il avait \u00e9t\u00e9 beaucoup moins attir\u00e9 par le groupe de femmes plus \u00e2g\u00e9es, aux corps refaits et aux visages botox\u00e9s tentant de suivre les directives d\u2019un coach exigeant.<\/p>\n\n\n\n<p>Les deux Harley brillaient de tous leurs chromes. La Road King de Philippe \u00e9tait enti\u00e8rement noire, celle d&rsquo;Ange \u00e9tait bicolore. Les deux machines \u00e9taient \u00e9quip\u00e9es de larges valises contenant leurs maigres bagages. Sur les selles reposaient les casques ouverts \u00e0 visi\u00e8re noire, semblables \u00e0 ceux port\u00e9s par Backer et Punch dans la s\u00e9rie Chips. Philippe portait un jean 517 ajust\u00e9 qui collait \u00e0 sa silhouette \u00e9lanc\u00e9e comme une seconde peau. Sur son tee-shirt blanc, il avait endoss\u00e9 un gilet sans manche aux couleurs de son Chapter, le \u00ab Dream Vall\u00e9e \u00bb. Ange \u00e9tait v\u00eatu plus classiquement d\u2019un 501 bleu d\u00e9lav\u00e9 et d\u2019un polo blanc.<\/p>\n\n\n\n<p>Comme ils enfourchaient leurs machines et bouclaient leurs casques, Philippe s\u2019adressa \u00e0 Ange, regardant ses Nike us\u00e9es.<\/p>\n\n\n\n<p>\u2014 Il te faut des bottes.<\/p>\n\n\n\n<p><\/p>\n\n\n\n<p><\/p>\n\n\n\n<p><\/p>\n\n\n\n<p><strong>T\u00e9l\u00e9charger gratuitement le texte complet au format PDF ou eBook :<\/strong><\/p>\n\n\n\n<p><a href=\"https:\/\/www.edition999.info\/Route-66.html\">https:\/\/www.edition999.info\/Route-66.html<\/a><\/p>\n\n\n\n<p><a href=\"https:\/\/www.monbestseller.com\/manuscrit\/16281-route-66\">https:\/\/www.monbestseller.com\/manuscrit\/16281-route-66<\/a><\/p>\n\n\n\n<p><strong>Lire sur Scribay :<\/strong><\/p>\n\n\n\n<p><a href=\"https:\/\/www.scribay.com\/text\/506372905\/route-66--explicite-\">https:\/\/www.scribay.com\/text\/506372905\/route-66&#8211;explicite-<\/a><\/p>\n","protected":false},"excerpt":{"rendered":"<p>Face au Pacifique Assis sur un banc dans la zone de promenade entre Ocean Avenue et le haut de la falaise, les deux hommes contemplaient la jet\u00e9e qui s&rsquo;allongeait dans le Pacifique. Derri\u00e8re eux, gar\u00e9es en \u00e9pi, les deux motos brillaient sous les derniers rayons &hellip; <\/p>\n","protected":false},"author":1,"featured_media":0,"parent":0,"menu_order":0,"comment_status":"closed","ping_status":"closed","template":"","meta":{"footnotes":""},"class_list":["post-132","page","type-page","status-publish","hentry"],"yoast_head":"<!-- This site is optimized with the Yoast SEO plugin v27.4 - https:\/\/yoast.com\/product\/yoast-seo-wordpress\/ -->\n<title>Route 66 - Eros Walker Stories<\/title>\n<meta name=\"description\" content=\"Un roman d&#039;aventure et d&#039;enqu\u00eate polici\u00e8re contenant des sc\u00e8nes de sexe explicite\" \/>\n<meta name=\"robots\" content=\"index, follow, max-snippet:-1, max-image-preview:large, max-video-preview:-1\" \/>\n<link rel=\"canonical\" href=\"https:\/\/ellington-photo.com\/ErosWalker\/route-66-moto-erotique\/\" \/>\n<meta property=\"og:locale\" content=\"fr_FR\" \/>\n<meta property=\"og:type\" content=\"article\" \/>\n<meta property=\"og:title\" content=\"Route 66 - Eros Walker Stories\" \/>\n<meta property=\"og:description\" content=\"Un roman d&#039;aventure et d&#039;enqu\u00eate polici\u00e8re contenant des sc\u00e8nes de sexe explicite\" \/>\n<meta property=\"og:url\" content=\"https:\/\/ellington-photo.com\/ErosWalker\/route-66-moto-erotique\/\" \/>\n<meta property=\"og:site_name\" content=\"Eros Walker Stories\" \/>\n<meta property=\"article:modified_time\" content=\"2022-03-24T16:58:50+00:00\" \/>\n<meta property=\"og:image\" content=\"https:\/\/ellington-photo.com\/ErosWalker\/wp-content\/uploads\/2022\/03\/Route-66-cover.jpg\" \/>\n<meta name=\"twitter:card\" content=\"summary_large_image\" \/>\n<meta name=\"twitter:label1\" content=\"Dur\u00e9e de lecture estim\u00e9e\" \/>\n\t<meta name=\"twitter:data1\" content=\"3 minutes\" \/>\n<script type=\"application\/ld+json\" class=\"yoast-schema-graph\">{\"@context\":\"https:\\\/\\\/schema.org\",\"@graph\":[{\"@type\":\"WebPage\",\"@id\":\"https:\\\/\\\/ellington-photo.com\\\/ErosWalker\\\/route-66-moto-erotique\\\/\",\"url\":\"https:\\\/\\\/ellington-photo.com\\\/ErosWalker\\\/route-66-moto-erotique\\\/\",\"name\":\"Route 66 - Eros Walker Stories\",\"isPartOf\":{\"@id\":\"https:\\\/\\\/ellington-photo.com\\\/ErosWalker\\\/#website\"},\"primaryImageOfPage\":{\"@id\":\"https:\\\/\\\/ellington-photo.com\\\/ErosWalker\\\/route-66-moto-erotique\\\/#primaryimage\"},\"image\":{\"@id\":\"https:\\\/\\\/ellington-photo.com\\\/ErosWalker\\\/route-66-moto-erotique\\\/#primaryimage\"},\"thumbnailUrl\":\"https:\\\/\\\/ellington-photo.com\\\/ErosWalker\\\/wp-content\\\/uploads\\\/2022\\\/03\\\/Route-66-cover.jpg\",\"datePublished\":\"2022-03-12T16:29:11+00:00\",\"dateModified\":\"2022-03-24T16:58:50+00:00\",\"description\":\"Un roman d'aventure et d'enqu\u00eate polici\u00e8re contenant des sc\u00e8nes de sexe explicite\",\"breadcrumb\":{\"@id\":\"https:\\\/\\\/ellington-photo.com\\\/ErosWalker\\\/route-66-moto-erotique\\\/#breadcrumb\"},\"inLanguage\":\"fr-FR\",\"potentialAction\":[{\"@type\":\"ReadAction\",\"target\":[\"https:\\\/\\\/ellington-photo.com\\\/ErosWalker\\\/route-66-moto-erotique\\\/\"]}]},{\"@type\":\"ImageObject\",\"inLanguage\":\"fr-FR\",\"@id\":\"https:\\\/\\\/ellington-photo.com\\\/ErosWalker\\\/route-66-moto-erotique\\\/#primaryimage\",\"url\":\"https:\\\/\\\/ellington-photo.com\\\/ErosWalker\\\/wp-content\\\/uploads\\\/2022\\\/03\\\/Route-66-cover.jpg\",\"contentUrl\":\"https:\\\/\\\/ellington-photo.com\\\/ErosWalker\\\/wp-content\\\/uploads\\\/2022\\\/03\\\/Route-66-cover.jpg\",\"width\":284,\"height\":456},{\"@type\":\"BreadcrumbList\",\"@id\":\"https:\\\/\\\/ellington-photo.com\\\/ErosWalker\\\/route-66-moto-erotique\\\/#breadcrumb\",\"itemListElement\":[{\"@type\":\"ListItem\",\"position\":1,\"name\":\"Accueil\",\"item\":\"https:\\\/\\\/ellington-photo.com\\\/ErosWalker\\\/\"},{\"@type\":\"ListItem\",\"position\":2,\"name\":\"Route 66\"}]},{\"@type\":\"WebSite\",\"@id\":\"https:\\\/\\\/ellington-photo.com\\\/ErosWalker\\\/#website\",\"url\":\"https:\\\/\\\/ellington-photo.com\\\/ErosWalker\\\/\",\"name\":\"Eros Walker Stories\",\"description\":\"Litt\u00e9rature et images\",\"publisher\":{\"@id\":\"https:\\\/\\\/ellington-photo.com\\\/ErosWalker\\\/#organization\"},\"potentialAction\":[{\"@type\":\"SearchAction\",\"target\":{\"@type\":\"EntryPoint\",\"urlTemplate\":\"https:\\\/\\\/ellington-photo.com\\\/ErosWalker\\\/?s={search_term_string}\"},\"query-input\":{\"@type\":\"PropertyValueSpecification\",\"valueRequired\":true,\"valueName\":\"search_term_string\"}}],\"inLanguage\":\"fr-FR\"},{\"@type\":\"Organization\",\"@id\":\"https:\\\/\\\/ellington-photo.com\\\/ErosWalker\\\/#organization\",\"name\":\"Eros Walker Stories\",\"url\":\"https:\\\/\\\/ellington-photo.com\\\/ErosWalker\\\/\",\"logo\":{\"@type\":\"ImageObject\",\"inLanguage\":\"fr-FR\",\"@id\":\"https:\\\/\\\/ellington-photo.com\\\/ErosWalker\\\/#\\\/schema\\\/logo\\\/image\\\/\",\"url\":\"https:\\\/\\\/ellington-photo.com\\\/ErosWalker\\\/wp-content\\\/uploads\\\/2025\\\/05\\\/Chat-Noir.jpg\",\"contentUrl\":\"https:\\\/\\\/ellington-photo.com\\\/ErosWalker\\\/wp-content\\\/uploads\\\/2025\\\/05\\\/Chat-Noir.jpg\",\"width\":400,\"height\":391,\"caption\":\"Eros Walker Stories\"},\"image\":{\"@id\":\"https:\\\/\\\/ellington-photo.com\\\/ErosWalker\\\/#\\\/schema\\\/logo\\\/image\\\/\"},\"sameAs\":[\"https:\\\/\\\/www.linkedin.com\\\/in\\\/eros-walker-ab710a298\\\/\"]}]}<\/script>\n<!-- \/ Yoast SEO plugin. -->","yoast_head_json":{"title":"Route 66 - Eros Walker Stories","description":"Un roman d'aventure et d'enqu\u00eate polici\u00e8re contenant des sc\u00e8nes de sexe explicite","robots":{"index":"index","follow":"follow","max-snippet":"max-snippet:-1","max-image-preview":"max-image-preview:large","max-video-preview":"max-video-preview:-1"},"canonical":"https:\/\/ellington-photo.com\/ErosWalker\/route-66-moto-erotique\/","og_locale":"fr_FR","og_type":"article","og_title":"Route 66 - Eros Walker Stories","og_description":"Un roman d'aventure et d'enqu\u00eate polici\u00e8re contenant des sc\u00e8nes de sexe explicite","og_url":"https:\/\/ellington-photo.com\/ErosWalker\/route-66-moto-erotique\/","og_site_name":"Eros Walker Stories","article_modified_time":"2022-03-24T16:58:50+00:00","og_image":[{"url":"https:\/\/ellington-photo.com\/ErosWalker\/wp-content\/uploads\/2022\/03\/Route-66-cover.jpg","type":"","width":"","height":""}],"twitter_card":"summary_large_image","twitter_misc":{"Dur\u00e9e de lecture estim\u00e9e":"3 minutes"},"schema":{"@context":"https:\/\/schema.org","@graph":[{"@type":"WebPage","@id":"https:\/\/ellington-photo.com\/ErosWalker\/route-66-moto-erotique\/","url":"https:\/\/ellington-photo.com\/ErosWalker\/route-66-moto-erotique\/","name":"Route 66 - Eros Walker Stories","isPartOf":{"@id":"https:\/\/ellington-photo.com\/ErosWalker\/#website"},"primaryImageOfPage":{"@id":"https:\/\/ellington-photo.com\/ErosWalker\/route-66-moto-erotique\/#primaryimage"},"image":{"@id":"https:\/\/ellington-photo.com\/ErosWalker\/route-66-moto-erotique\/#primaryimage"},"thumbnailUrl":"https:\/\/ellington-photo.com\/ErosWalker\/wp-content\/uploads\/2022\/03\/Route-66-cover.jpg","datePublished":"2022-03-12T16:29:11+00:00","dateModified":"2022-03-24T16:58:50+00:00","description":"Un roman d'aventure et d'enqu\u00eate polici\u00e8re contenant des sc\u00e8nes de sexe explicite","breadcrumb":{"@id":"https:\/\/ellington-photo.com\/ErosWalker\/route-66-moto-erotique\/#breadcrumb"},"inLanguage":"fr-FR","potentialAction":[{"@type":"ReadAction","target":["https:\/\/ellington-photo.com\/ErosWalker\/route-66-moto-erotique\/"]}]},{"@type":"ImageObject","inLanguage":"fr-FR","@id":"https:\/\/ellington-photo.com\/ErosWalker\/route-66-moto-erotique\/#primaryimage","url":"https:\/\/ellington-photo.com\/ErosWalker\/wp-content\/uploads\/2022\/03\/Route-66-cover.jpg","contentUrl":"https:\/\/ellington-photo.com\/ErosWalker\/wp-content\/uploads\/2022\/03\/Route-66-cover.jpg","width":284,"height":456},{"@type":"BreadcrumbList","@id":"https:\/\/ellington-photo.com\/ErosWalker\/route-66-moto-erotique\/#breadcrumb","itemListElement":[{"@type":"ListItem","position":1,"name":"Accueil","item":"https:\/\/ellington-photo.com\/ErosWalker\/"},{"@type":"ListItem","position":2,"name":"Route 66"}]},{"@type":"WebSite","@id":"https:\/\/ellington-photo.com\/ErosWalker\/#website","url":"https:\/\/ellington-photo.com\/ErosWalker\/","name":"Eros Walker Stories","description":"Litt\u00e9rature et images","publisher":{"@id":"https:\/\/ellington-photo.com\/ErosWalker\/#organization"},"potentialAction":[{"@type":"SearchAction","target":{"@type":"EntryPoint","urlTemplate":"https:\/\/ellington-photo.com\/ErosWalker\/?s={search_term_string}"},"query-input":{"@type":"PropertyValueSpecification","valueRequired":true,"valueName":"search_term_string"}}],"inLanguage":"fr-FR"},{"@type":"Organization","@id":"https:\/\/ellington-photo.com\/ErosWalker\/#organization","name":"Eros Walker Stories","url":"https:\/\/ellington-photo.com\/ErosWalker\/","logo":{"@type":"ImageObject","inLanguage":"fr-FR","@id":"https:\/\/ellington-photo.com\/ErosWalker\/#\/schema\/logo\/image\/","url":"https:\/\/ellington-photo.com\/ErosWalker\/wp-content\/uploads\/2025\/05\/Chat-Noir.jpg","contentUrl":"https:\/\/ellington-photo.com\/ErosWalker\/wp-content\/uploads\/2025\/05\/Chat-Noir.jpg","width":400,"height":391,"caption":"Eros Walker Stories"},"image":{"@id":"https:\/\/ellington-photo.com\/ErosWalker\/#\/schema\/logo\/image\/"},"sameAs":["https:\/\/www.linkedin.com\/in\/eros-walker-ab710a298\/"]}]}},"_links":{"self":[{"href":"https:\/\/ellington-photo.com\/ErosWalker\/wp-json\/wp\/v2\/pages\/132","targetHints":{"allow":["GET"]}}],"collection":[{"href":"https:\/\/ellington-photo.com\/ErosWalker\/wp-json\/wp\/v2\/pages"}],"about":[{"href":"https:\/\/ellington-photo.com\/ErosWalker\/wp-json\/wp\/v2\/types\/page"}],"author":[{"embeddable":true,"href":"https:\/\/ellington-photo.com\/ErosWalker\/wp-json\/wp\/v2\/users\/1"}],"replies":[{"embeddable":true,"href":"https:\/\/ellington-photo.com\/ErosWalker\/wp-json\/wp\/v2\/comments?post=132"}],"version-history":[{"count":3,"href":"https:\/\/ellington-photo.com\/ErosWalker\/wp-json\/wp\/v2\/pages\/132\/revisions"}],"predecessor-version":[{"id":195,"href":"https:\/\/ellington-photo.com\/ErosWalker\/wp-json\/wp\/v2\/pages\/132\/revisions\/195"}],"wp:attachment":[{"href":"https:\/\/ellington-photo.com\/ErosWalker\/wp-json\/wp\/v2\/media?parent=132"}],"curies":[{"name":"wp","href":"https:\/\/api.w.org\/{rel}","templated":true}]}}